{"id":16,"date":"2018-01-06T09:29:25","date_gmt":"2018-01-06T09:29:25","guid":{"rendered":"https:\/\/trachtengruppe-trossingen.de\/?page_id=16"},"modified":"2018-03-10T09:12:25","modified_gmt":"2018-03-10T08:12:25","slug":"startseite","status":"publish","type":"page","link":"https:\/\/trachtengruppe-trossingen.de\/","title":{"rendered":"Startseite"},"content":{"rendered":"<p><div class=\"fusion-fullwidth fullwidth-box fusion-builder-row-1 nonhundred-percent-fullwidth non-hundred-percent-height-scrolling\" style=\"--awb-background-position:left top;--awb-border-radius-top-left:0px;--awb-border-radius-top-right:0px;--awb-border-radius-bottom-right:0px;--awb-border-radius-bottom-left:0px;--awb-padding-top:90px;--awb-padding-bottom:90px;--awb-border-sizes-top:0px;--awb-border-sizes-bottom:0px;--awb-flex-wrap:wrap;\" ><div class=\"fusion-builder-row fusion-row\"><div class=\"fusion-layout-column fusion_builder_column fusion-builder-column-0 fusion_builder_column_3_5 3_5 fusion-three-fifth fusion-column-first fusion-column-no-min-height\" style=\"--awb-padding-right:50px;--awb-bg-size:cover;width:58.4%; margin-right: 4%;\"><div class=\"fusion-column-wrapper fusion-flex-column-wrapper-legacy\"><div class=\"fusion-text fusion-text-1\"><h2 style=\"text-align: center;\">Ein herzliches Willkommen!<\/h2>\n<p>Die Trachtengruppe Trossingen e.V. ist ein gemeinn\u00fctziger Verein, der es sich zur Aufgabe gemacht hat, fast Vergessenes nicht in Vergessenheit geraten zu lassen. Wir pflegen das regionale Brauchtum, Musik und T\u00e4nze aus Nah und Fern. Die Trachtengruppe ist ein Verein f\u00fcr die ganze Familie. Hier ist jeder, der sich f\u00fcr Brauchtum und Kultur interessiert, herzlich willkommen.<\/p>\n<p>Ich freue mich auf Sie, Ihre<\/p>\n<\/div><div class=\"fusion-title title fusion-title-1 fusion-sep-none fusion-title-text fusion-title-size-three\" style=\"--awb-margin-bottom:0px;--awb-margin-top-small:0px;--awb-margin-right-small:0px;--awb-margin-bottom-small:20px;--awb-margin-left-small:0px;\"><h3 class=\"fusion-title-heading title-heading-left fusion-responsive-typography-calculated\" style=\"margin:0;--fontSize:26;line-height:1.62;\"><span style=\"color: #041e5c;\">Ursel Hohner<\/span><\/h3><\/div><div class=\"fusion-title title fusion-title-2 fusion-sep-none fusion-title-text fusion-title-size-four\" style=\"--awb-margin-bottom:0px;--awb-margin-top-small:0px;--awb-margin-right-small:0px;--awb-margin-bottom-small:20px;--awb-margin-left-small:0px;\"><h4 class=\"fusion-title-heading title-heading-left fusion-responsive-typography-calculated\" style=\"margin:0;--fontSize:18;--minFontSize:18;line-height:1.33;\"><span style=\"color: #747474;\"><strong>1.Vorsitzende Trachtengruppe Trossingen e.V.<\/strong><\/span><\/h4><\/div><div class=\"fusion-clearfix\"><\/div><\/div><\/div><div class=\"fusion-layout-column fusion_builder_column fusion-builder-column-1 fusion_builder_column_2_5 2_5 fusion-two-fifth fusion-column-last fusion-column-no-min-height\" style=\"--awb-bg-size:cover;width:37.6%;\"><div class=\"fusion-column-wrapper fusion-flex-column-wrapper-legacy\"><div class=\"fusion-title title fusion-title-3 fusion-title-text fusion-title-size-three\" style=\"--awb-margin-top-small:0px;--awb-margin-right-small:0px;--awb-margin-bottom-small:20px;--awb-margin-left-small:0px;--awb-sep-color:#041e5c;\"><h3 class=\"fusion-title-heading title-heading-left fusion-responsive-typography-calculated\" style=\"margin:0;--fontSize:26;line-height:1.62;\">Anstehende Termine<\/h3><span class=\"awb-title-spacer\"><\/span><div class=\"title-sep-container\"><div class=\"title-sep sep-single sep-solid\" style=\"border-color:#041e5c;\"><\/div><\/div><\/div><div class=\"fusion-sep-clear\"><\/div><div class=\"fusion-separator fusion-full-width-sep\" style=\"margin-left: auto;margin-right: auto;margin-top:5px;margin-bottom:5px;width:100%;\"><\/div><div class=\"fusion-sep-clear\"><\/div><div class=\"fusion-sep-clear\"><\/div><div class=\"fusion-separator fusion-full-width-sep\" style=\"margin-left: auto;margin-right: auto;margin-top:30px;width:100%;\"><\/div><div class=\"fusion-sep-clear\"><\/div><div class=\"fusion-clearfix\"><\/div><\/div><\/div><\/div><\/div><div class=\"fusion-fullwidth fullwidth-box fusion-builder-row-2 nonhundred-percent-fullwidth non-hundred-percent-height-scrolling frontpage_blog_entries\" style=\"--awb-background-position:left top;--awb-border-radius-top-left:0px;--awb-border-radius-top-right:0px;--awb-border-radius-bottom-right:0px;--awb-border-radius-bottom-left:0px;--awb-padding-top:90px;--awb-padding-right:8%;--awb-padding-bottom:120px;--awb-padding-left:8%;--awb-background-color:#ececec;--awb-border-sizes-top:0px;--awb-border-sizes-bottom:0px;--awb-flex-wrap:wrap;\" ><div class=\"fusion-builder-row fusion-row\"><div class=\"fusion-layout-column fusion_builder_column fusion-builder-column-2 fusion_builder_column_1_1 1_1 fusion-one-full fusion-column-first fusion-column-last\" style=\"--awb-padding-left:20px;--awb-bg-size:cover;--awb-border-color:#041e5c;--awb-border-style:solid;\"><div class=\"fusion-column-wrapper fusion-flex-column-wrapper-legacy\"><div class=\"fusion-text fusion-text-2\"><h2 style=\"text-align: center;\">Letzte Beitr\u00e4ge<\/h2>\n<\/div><div class=\"fusion-recent-posts fusion-recent-posts-1 avada-container layout-default layout-columns-3\"><section class=\"fusion-columns columns fusion-columns-3 columns-3\"><article class=\"post fusion-column column col col-lg-4 col-md-4 col-sm-4\"><div class=\"recent-posts-content\"><span class=\"vcard\" style=\"display: none;\"><span class=\"fn\"><a href=\"https:\/\/trachtengruppe-trossingen.de\/index.php\/author\/vorstand-trachtengruppe\/\" title=\"Beitr\u00e4ge von vorstand.trachtengruppe\" rel=\"author\">vorstand.trachtengruppe<\/a><\/span><\/span><span class=\"updated\" style=\"display:none;\">2024-11-24T13:05:52+01:00<\/span><h4 class=\"entry-title\"><a href=\"https:\/\/trachtengruppe-trossingen.de\/index.php\/2024\/11\/24\/kleiner-zliet-obend-im-betreuten-wohnen\/\">Kleiner Z&#8217;Liet Obend im Betreuten Wohnen<\/a><\/h4><p class=\"meta\"><span class=\"vcard\" style=\"display: none;\"><span class=\"fn\"><a href=\"https:\/\/trachtengruppe-trossingen.de\/index.php\/author\/vorstand-trachtengruppe\/\" title=\"Beitr\u00e4ge von vorstand.trachtengruppe\" rel=\"author\">vorstand.trachtengruppe<\/a><\/span><\/span><span class=\"updated\" style=\"display:none;\">2024-11-24T13:05:52+01:00<\/span><span>24.November 2024<\/span><span class=\"fusion-inline-sep\">|<\/span><a href=\"https:\/\/trachtengruppe-trossingen.de\/index.php\/category\/keine-kategorie\/\" rel=\"category tag\">keine Kategorie<\/a><span class=\"fusion-inline-sep\">|<\/span><\/p><p>Zum zweiten Mal wird die Trachtengruppe Trossingen e.V. im Januar mit einer kleinen Gruppe ins Betreute Wohnen in der L\u00f6hrstra\u00dfe<\/p><\/div><\/article><article class=\"post fusion-column column col col-lg-4 col-md-4 col-sm-4\"><div class=\"fusion-flexslider fusion-flexslider-loading flexslider flexslider-hover-type-none\"><ul class=\"slides\"><li><a href=\"https:\/\/trachtengruppe-trossingen.de\/index.php\/2024\/11\/24\/music-brings-us-together-in-celebration\/\" aria-label=\"Weihnachtsmarkt 2024\" class=\"hover-type-none\"><img decoding=\"async\" width=\"270\" height=\"320\" src=\"https:\/\/trachtengruppe-trossingen.de\/wp-content\/uploads\/2017\/12\/trossingen-weihnachtsmarkt.jpg\" class=\"attachment-recent-posts size-recent-posts\" alt=\"\" srcset=\"https:\/\/trachtengruppe-trossingen.de\/wp-content\/uploads\/2017\/12\/trossingen-weihnachtsmarkt-200x237.jpg 200w, https:\/\/trachtengruppe-trossingen.de\/wp-content\/uploads\/2017\/12\/trossingen-weihnachtsmarkt-253x300.jpg 253w, https:\/\/trachtengruppe-trossingen.de\/wp-content\/uploads\/2017\/12\/trossingen-weihnachtsmarkt.jpg 270w\" sizes=\"(max-width: 270px) 100vw, 270px\" \/><\/a><\/li><\/ul><\/div><div class=\"recent-posts-content\"><span class=\"vcard\" style=\"display: none;\"><span class=\"fn\"><a href=\"https:\/\/trachtengruppe-trossingen.de\/index.php\/author\/f-eichholz\/\" title=\"Beitr\u00e4ge von admin\" rel=\"author\">admin<\/a><\/span><\/span><span class=\"updated\" style=\"display:none;\">2024-11-24T13:07:21+01:00<\/span><h4 class=\"entry-title\"><a href=\"https:\/\/trachtengruppe-trossingen.de\/index.php\/2024\/11\/24\/music-brings-us-together-in-celebration\/\">Weihnachtsmarkt 2024<\/a><\/h4><p class=\"meta\"><span class=\"vcard\" style=\"display: none;\"><span class=\"fn\"><a href=\"https:\/\/trachtengruppe-trossingen.de\/index.php\/author\/f-eichholz\/\" title=\"Beitr\u00e4ge von admin\" rel=\"author\">admin<\/a><\/span><\/span><span class=\"updated\" style=\"display:none;\">2024-11-24T13:07:21+01:00<\/span><span>24.November 2024<\/span><span class=\"fusion-inline-sep\">|<\/span><a href=\"https:\/\/trachtengruppe-trossingen.de\/index.php\/category\/keine-kategorie\/\" rel=\"category tag\">keine Kategorie<\/a><span class=\"fusion-inline-sep\">|<\/span><\/p><p> Nach einer zweij\u00e4hrigen Pause ist die Trachtengruppe Trossingen e.V. wieder auf dem Weihnachtsmarkt zu finden. Bei uns gibt es<\/p><\/div><\/article><\/section><\/div><div class=\"fusion-clearfix\"><\/div><\/div><\/div><\/div><\/div><\/p>\n","protected":false},"excerpt":{"rendered":"","protected":false},"author":1,"featured_media":0,"parent":0,"menu_order":0,"comment_status":"closed","ping_status":"closed","template":"","meta":{"footnotes":""},"class_list":["post-16","page","type-page","status-publish","hentry"],"_links":{"self":[{"href":"https:\/\/trachtengruppe-trossingen.de\/index.php\/wp-json\/wp\/v2\/pages\/16","targetHints":{"allow":["GET"]}}],"collection":[{"href":"https:\/\/trachtengruppe-trossingen.de\/index.php\/wp-json\/wp\/v2\/pages"}],"about":[{"href":"https:\/\/trachtengruppe-trossingen.de\/index.php\/wp-json\/wp\/v2\/types\/page"}],"author":[{"embeddable":true,"href":"https:\/\/trachtengruppe-trossingen.de\/index.php\/wp-json\/wp\/v2\/users\/1"}],"replies":[{"embeddable":true,"href":"https:\/\/trachtengruppe-trossingen.de\/index.php\/wp-json\/wp\/v2\/comments?post=16"}],"version-history":[{"count":49,"href":"https:\/\/trachtengruppe-trossingen.de\/index.php\/wp-json\/wp\/v2\/pages\/16\/revisions"}],"predecessor-version":[{"id":1264,"href":"https:\/\/trachtengruppe-trossingen.de\/index.php\/wp-json\/wp\/v2\/pages\/16\/revisions\/1264"}],"wp:attachment":[{"href":"https:\/\/trachtengruppe-trossingen.de\/index.php\/wp-json\/wp\/v2\/media?parent=16"}],"curies":[{"name":"wp","href":"https:\/\/api.w.org\/{rel}","templated":true}]}}